{"id":4699,"date":"2013-11-19T13:33:34","date_gmt":"2013-11-19T13:33:34","guid":{"rendered":"http:\/\/demo.qodeinteractive.com\/elision\/?page_id=4699"},"modified":"2025-07-15T12:30:19","modified_gmt":"2025-07-15T09:30:19","slug":"home","status":"publish","type":"page","link":"https:\/\/petkolajen.com\/","title":{"rendered":"Ana Sayfa"},"content":{"rendered":"<div class=\"wpb-content-wrapper\">[vc_row row_type=&#8221;section&#8221; type=&#8221;grid&#8221; text_align=&#8221;left&#8221; video=&#8221;&#8221; background_color=&#8221;#ffffff&#8221; padding_top=&#8221;100&#8243; padding_bottom=&#8221;87&#8243;][vc_column][vc_row_inner row_type=&#8221;row&#8221; text_align=&#8221;left&#8221; css_animation=&#8221;&#8221;][vc_column_inner width=&#8221;1\/3&#8243;]<div class='q_icon_with_title large  circle'><div class=\"icon_holder q_icon_animation\" style=\" transition-delay: 200ms; -webkit-transition-delay: 200ms; -moz-transition-delay: 200ms; -o-transition-delay: 200ms;\"><span class=\"fa-stack fa-4x \" style=\"font-size: 52px;\"><i class=\"fa fa-circle fa-stack-base fa-stack-2x\" style=\"color: #f6f6f6;\"><\/i><i class=\"fa fa-opencart fa-stack-1x\" style=\"\"><\/i><\/span><\/div><div class=\"icon_text_holder\"><div class=\"icon_text_inner\" style=\"\"><h4 class=\"icon_title\" style=\"\">Collagen Type II\u00aeLiquid Dog &amp; Cat (\u015furup)<\/h4><p style=''>\u2705 Collagen Type II<br \/>\n\u2705 MSM ile zenginle\u015ftirilmi\u015f<br \/>\n\u2705 Eklem hareketlili\u011fini art\u0131r\u0131r<br \/>\n\u2705 T\u00fcyleri g\u00fc\u00e7lendirir ve parlakl\u0131k kazand\u0131r\u0131r<br \/>\n\u2705 \u015eurup form \u2013 kolay kullan\u0131m (\u015f\u0131r\u0131nga yada ka\u015f\u0131k ile)<\/p><a class='icon_with_title_link' href='https:\/\/ecopurenatural.com\/index.php\/urun\/collagen-type-iiliquid-dog-cat-50ml\/' target='_self' >Sat\u0131n Al<\/a><\/div><\/div><\/div>[\/vc_column_inner][vc_column_inner width=&#8221;1\/3&#8243;]<div class='q_icon_with_title large  circle'><div class=\"icon_holder q_icon_animation\" style=\" transition-delay: 400ms; -webkit-transition-delay: 400ms; -moz-transition-delay: 400ms; -o-transition-delay: 400ms;\"><span class=\"fa-stack fa-4x \" style=\"font-size: 52px;\"><i class=\"fa fa-circle fa-stack-base fa-stack-2x\" style=\"color: #f6f6f6;\"><\/i><i class=\"fa fa-arrow-circle-o-up fa-stack-1x\" style=\"\"><\/i><\/span><\/div><div class=\"icon_text_holder\"><div class=\"icon_text_inner\" style=\"\"><h4 class=\"icon_title\" style=\"\">Kolajen Peptidleri<\/h4><p style=''>.<br \/>\n\u2705Kal\u00e7a displazilerinin \u00f6nlenmesinde<br \/>\n\u2705\u00c7apraz ba\u011f kopukluklar\u0131nda<br \/>\n\u2705Eklem rahats\u0131zl\u0131klar\u0131nda<br \/>\n\u2705Trachea (soluk borusu) deformasyonlar\u0131nda destek sa\u011flar<br \/>\n*<\/p><a class='icon_with_title_link' href='https:\/\/www.hepsiburada.com\/collagen-type-ii-liquid-50ml-kedi-ve-kopekler-icin-tip-2kollajen-pm-HBC00008W142H' target='_self' >Sat\u0131n Al (HepsiBurada)<\/a><\/div><\/div><\/div>[\/vc_column_inner][vc_column_inner width=&#8221;1\/3&#8243;]<div class='q_icon_with_title large  circle'><div class=\"icon_holder q_icon_animation\" style=\" transition-delay: 600ms; -webkit-transition-delay: 600ms; -moz-transition-delay: 600ms; -o-transition-delay: 600ms;\"><span class=\"fa-stack fa-4x \" style=\"font-size: 52px;\"><i class=\"fa fa-circle fa-stack-base fa-stack-2x\" style=\"color: #f6f6f6;\"><\/i><i class=\"fa fa-user-circle fa-stack-1x\" style=\"\"><\/i><\/span><\/div><div class=\"icon_text_holder\"><div class=\"icon_text_inner\" style=\"\"><h4 class=\"icon_title\" style=\"\">Kar\u0131\u015ft\u0131rmaya son! \u015eurup formu ile kolayca i\u00e7irin<\/h4><p style=''>\u2705Aktif madde (besinsel katk\u0131)<br \/>\n\u2705Hidrolize Kollajen Tip II(s\u0131\u011f\u0131r)(9.10.1) 500 mg,<br \/>\n\u2705Metils\u00fclfonilmetan(13.9.1) 150 mg<br \/>\n\u2705Kedi: 1 ml \/ G\u00fcnde<br \/>\n\u2705K\u00f6pek 10 kg: 2 ml \/ G\u00fcnde.<\/p><a class='icon_with_title_link' href='https:\/\/www.trendyol.com\/pd\/ecopure\/collagen-type-ii-likit-kedi-kopek-kalca-eklem-destegi-p-937481881?boutiqueId=61&amp;merchantId=584842&amp;adjust_t=mk12x3o_m4o2h83&amp;adjust_tracker_limit=999999999&amp;adjust_creative=937481881&amp;link_contentid=937481881&amp;utm_campaign=937481881&amp;utm_medium=product_free&amp;link_userID=96832984&amp;utm_source=share&amp;adjust_adgroup=96832984&amp;utm_term=96832984&amp;adjust_campaign=product_free_20257914_TR' target='_self' >Sat\u0131n Al (Trendyol)<\/a><\/div><\/div><\/div>[\/vc_column_inner][\/vc_row_inner][\/vc_column][\/vc_row][vc_row row_type=&#8221;section&#8221; type=&#8221;grid&#8221; text_align=&#8221;left&#8221; video=&#8221;&#8221; background_color=&#8221;#f6f6f6&#8243; padding_top=&#8221;80&#8243; padding_bottom=&#8221;80&#8243;][vc_column width=&#8221;1\/2&#8243;][vc_row_inner row_type=&#8221;row&#8221; text_align=&#8221;center&#8221; css_animation=&#8221;element_from_left&#8221;][vc_column_inner][vc_single_image image=&#8221;7381&#8243; img_size=&#8221;full&#8221; css=&#8221;&#8221;][\/vc_column_inner][\/vc_row_inner][\/vc_column][vc_column width=&#8221;1\/2&#8243;][vc_row_inner row_type=&#8221;row&#8221; text_align=&#8221;left&#8221; css_animation=&#8221;&#8221;][vc_column_inner][vc_column_text css=&#8221;&#8221;]\n<h3>EcoPureNatural.com<\/h3>\n[\/vc_column_text][vc_separator type=&#8221;transparent&#8221; up=&#8221;12&#8243; down=&#8221;12&#8243;][vc_column_text css=&#8221;&#8221;]\n<h3>Her evcil hayvan E\u015eS\u0130ZD\u0130R<\/h3>\n<p>Ve her birinin mutlu ve sa\u011fl\u0131kl\u0131 bir ya\u015fam s\u00fcrmesi i\u00e7in iyi beslenmeye ihtiyac\u0131 vard\u0131r. T\u00fcyl\u00fc arkada\u015flar\u0131n\u0131z i\u00e7in hangi \u00fcr\u00fcnlerin ideal oldu\u011fundan emin de\u011fil misiniz?<\/p>\n<p>Sizi ve evcil hayvanlar\u0131n\u0131z\u0131 \u00f6nemsiyoruz<\/p>\n<p class=\"text-center\">Profesyonel, \u00fccretsiz ve eri\u015filebilir tavsiyelerin yan\u0131 s\u0131ra g\u00fcler y\u00fczl\u00fc, yetkin hizmet ve h\u0131zl\u0131 sevkiyat bizim i\u00e7in \u00e7ok \u00f6nemlidir.\u00a0\u00dcr\u00fcn ekibimiz ve EcoPureNatural beslenme uzmanlar\u0131m\u0131zdan h\u0131zl\u0131 ve kolay yan\u0131tlar almak i\u00e7in \u00a0ileti\u015fime ge\u00e7in.<\/p>\n[\/vc_column_text][vc_separator type=&#8221;transparent&#8221; up=&#8221;15&#8243; down=&#8221;15&#8243;]<a href=\"https:\/\/ecopurenatural.com\/index.php\/urun-kategori\/tum-urunler-2\/\" target=\"_self\" class=\"qbutton  tiny\" style=\"\">T\u00fcm \u00dcr\u00fcnler \u0130\u00e7in<i class=\"fa fa-angle-right fa-lg\" style=\"\"><\/i><\/a>[\/vc_column_inner][\/vc_row_inner][\/vc_column][\/vc_row][vc_row row_type=&#8221;row&#8221; text_align=&#8221;left&#8221; css_animation=&#8221;&#8221;][vc_column][vc_parallax][vc_parallax_section title=&#8221;Section 1&#8243; background_image=&#8221;7391&#8243; height=&#8221;483&#8243; position=&#8221;center&#8221;][vc_separator type=&#8221;transparent&#8221; up=&#8221;40&#8243; down=&#8221;40&#8243;][vc_column_text css=&#8221;&#8221;]\n<h2><span style=\"color: #ffffff;\">EcoPureNatural PHD Serisi<\/span><\/h2>\n[\/vc_column_text][vc_separator type=&#8221;transparent&#8221; up=&#8221;7&#8243; down=&#8221;10&#8243;][vc_column_text css=&#8221;&#8221;]<span style=\"color: #ffffff;\">PHD Serisi \u015eurup Formunda \u00dcr\u00fcnlerimizi Kolayca \u0130\u00e7irebilirsiniz<\/span>[\/vc_column_text][vc_separator type=&#8221;transparent&#8221; up=&#8221;18&#8243; down=&#8221;14&#8243;]<div class='qode_carousels_holder clearfix'><div class='qode_carousels light'><ul class='slides'><li><a href='https:\/\/ecopurenatural.com\/index.php\/urun\/vitamin-cliquid-dog-cat-50ml\/' target='_self'><span class='first_image_holder has_hover_image'><img src='https:\/\/petkolajen.com\/wp-content\/uploads\/2025\/07\/c-vitamini.webp' alt='c vitamini'><\/span><span class='second_image_holder has_hover_image'><img src='https:\/\/petkolajen.com\/wp-content\/uploads\/2025\/07\/c-vitamini.webp' alt='c vitamini'><\/span><\/a><\/li><li><a href='https:\/\/ecopurenatural.com\/index.php\/urun\/cobalaminliquid-catdog-50ml\/' target='_self'><span class='first_image_holder has_hover_image'><img src='https:\/\/petkolajen.com\/wp-content\/uploads\/2025\/07\/cobalamin.webp' alt='Cobalamin'><\/span><span class='second_image_holder has_hover_image'><img src='https:\/\/petkolajen.com\/wp-content\/uploads\/2025\/07\/cobalamin.webp' alt='Cobalamin'><\/span><\/a><\/li><li><a href='https:\/\/ecopurenatural.com\/index.php\/urun\/betabromliquid-dog-cat-50ml\/' target='_self'><span class='first_image_holder has_hover_image'><img src='https:\/\/petkolajen.com\/wp-content\/uploads\/2025\/07\/betabrom.webp' alt='Betabrom'><\/span><span class='second_image_holder has_hover_image'><img src='https:\/\/petkolajen.com\/wp-content\/uploads\/2025\/07\/betabrom.webp' alt='Betabrom'><\/span><\/a><\/li><li><a href='https:\/\/ecopurenatural.com\/index.php\/urun\/hairballliquid-cat-50ml\/' target='_self'><span class='first_image_holder has_hover_image'><img src='https:\/\/petkolajen.com\/wp-content\/uploads\/2025\/07\/HAIRBALL-yeni.webp' alt='Hairball'><\/span><span class='second_image_holder has_hover_image'><img src='https:\/\/petkolajen.com\/wp-content\/uploads\/2025\/07\/HAIRBALL-yeni.webp' alt='Hairball'><\/span><\/a><\/li><li><a href='https:\/\/ecopurenatural.com\/index.php\/urun\/min-a-vitliquid-dog-cat-50ml\/' target='_self'><span class='first_image_holder has_hover_image'><img src='https:\/\/petkolajen.com\/wp-content\/uploads\/2025\/07\/MIN-A-VIT.webp' alt='min A vit'><\/span><span class='second_image_holder has_hover_image'><img src='https:\/\/petkolajen.com\/wp-content\/uploads\/2025\/07\/MIN-A-VIT.webp' alt='min A vit'><\/span><\/a><\/li><li><a href='https:\/\/ecopurenatural.com\/index.php\/urun\/mct-oil-cat-dog-50ml\/' target='_self'><span class='first_image_holder has_hover_image'><img src='https:\/\/petkolajen.com\/wp-content\/uploads\/2025\/07\/mct-oil.webp' alt='mct'><\/span><span class='second_image_holder has_hover_image'><img src='https:\/\/petkolajen.com\/wp-content\/uploads\/2025\/07\/mct-oil.webp' alt='mct'><\/span><\/a><\/li><li><a href='https:\/\/ecopurenatural.com\/index.php\/urun\/collagen-type-iiliquid-dog-cat-50ml\/' target='_self'><span class='first_image_holder has_hover_image'><img src='https:\/\/petkolajen.com\/wp-content\/uploads\/2025\/07\/kolajen.webp' alt='kolajen'><\/span><span class='second_image_holder has_hover_image'><img src='https:\/\/petkolajen.com\/wp-content\/uploads\/2025\/07\/kolajen.webp' alt='kolajen'><\/span><\/a><\/li><li><a href='#' target='_self'><span class='first_image_holder has_hover_image'><img src='https:\/\/petkolajen.com\/wp-content\/uploads\/2025\/07\/b-vitamini-1.webp' alt='B vitamini'><\/span><span class='second_image_holder has_hover_image'><img src='https:\/\/petkolajen.com\/wp-content\/uploads\/2025\/07\/b-vitamini-1.webp' alt='B vitamini'><\/span><\/a><\/li><li><a href='#' target='_self'><span class='first_image_holder has_hover_image'><img src='https:\/\/petkolajen.com\/wp-content\/uploads\/2025\/07\/felisyl.webp' alt='Felisyl'><\/span><span class='second_image_holder has_hover_image'><img src='https:\/\/petkolajen.com\/wp-content\/uploads\/2025\/07\/felisyl.webp' alt='Felisyl'><\/span><\/a><\/li><li><a href='https:\/\/ecopurenatural.com\/index.php\/urun\/mineralplusliquid-dog-cat-50ml\/' target='_self'><span class='first_image_holder has_hover_image'><img src='https:\/\/petkolajen.com\/wp-content\/uploads\/2025\/07\/mineralplus.webp' alt='Mineral plus'><\/span><span class='second_image_holder has_hover_image'><img src='https:\/\/petkolajen.com\/wp-content\/uploads\/2025\/07\/mineralplus.webp' alt='Mineral plus'><\/span><\/a><\/li><\/ul><\/div><\/div>[\/vc_parallax_section][\/vc_parallax][\/vc_column][\/vc_row]\n<\/div>","protected":false},"excerpt":{"rendered":"<p>[vc_row row_type=&#8221;section&#8221; type=&#8221;grid&#8221; text_align=&#8221;left&#8221; video=&#8221;&#8221; background_color=&#8221;#ffffff&#8221; padding_top=&#8221;100&#8243; padding_bottom=&#8221;87&#8243;][vc_column][vc_row_inner row_type=&#8221;row&#8221; text_align=&#8221;left&#8221; css_animation=&#8221;&#8221;][vc_column_inner width=&#8221;1\/3&#8243;][\/vc_column_inner][vc_column_inner width=&#8221;1\/3&#8243;][\/vc_column_inner][vc_column_inner width=&#8221;1\/3&#8243;][\/vc_column_inner][\/vc_row_inner][\/vc_column][\/vc_row][vc_row row_type=&#8221;section&#8221; type=&#8221;grid&#8221; text_align=&#8221;left&#8221; video=&#8221;&#8221; background_color=&#8221;#f6f6f6&#8243; padding_top=&#8221;80&#8243; padding_bottom=&#8221;80&#8243;][vc_column width=&#8221;1\/2&#8243;][vc_row_inner row_type=&#8221;row&#8221; text_align=&#8221;center&#8221; css_animation=&#8221;element_from_left&#8221;][vc_column_inner][vc_single_image image=&#8221;7381&#8243; img_size=&#8221;full&#8221; css=&#8221;&#8221;][\/vc_column_inner][\/vc_row_inner][\/vc_column][vc_column width=&#8221;1\/2&#8243;][vc_row_inner row_type=&#8221;row&#8221; text_align=&#8221;left&#8221; css_animation=&#8221;&#8221;][vc_column_inner][vc_column_text css=&#8221;&#8221;] EcoPureNatural.com [\/vc_column_text][vc_separator type=&#8221;transparent&#8221; up=&#8221;12&#8243; down=&#8221;12&#8243;][vc_column_text css=&#8221;&#8221;] Her evcil hayvan E\u015eS\u0130ZD\u0130R Ve her&#8230;<\/p>\n","protected":false},"author":1,"featured_media":0,"parent":0,"menu_order":0,"comment_status":"open","ping_status":"closed","template":"full_width.php","meta":{"footnotes":""},"class_list":["post-4699","page","type-page","status-publish","hentry"],"_links":{"self":[{"href":"https:\/\/petkolajen.com\/index.php?rest_route=\/wp\/v2\/pages\/4699","targetHints":{"allow":["GET"]}}],"collection":[{"href":"https:\/\/petkolajen.com\/index.php?rest_route=\/wp\/v2\/pages"}],"about":[{"href":"https:\/\/petkolajen.com\/index.php?rest_route=\/wp\/v2\/types\/page"}],"author":[{"embeddable":true,"href":"https:\/\/petkolajen.com\/index.php?rest_route=\/wp\/v2\/users\/1"}],"replies":[{"embeddable":true,"href":"https:\/\/petkolajen.com\/index.php?rest_route=%2Fwp%2Fv2%2Fcomments&post=4699"}],"version-history":[{"count":31,"href":"https:\/\/petkolajen.com\/index.php?rest_route=\/wp\/v2\/pages\/4699\/revisions"}],"predecessor-version":[{"id":7540,"href":"https:\/\/petkolajen.com\/index.php?rest_route=\/wp\/v2\/pages\/4699\/revisions\/7540"}],"wp:attachment":[{"href":"https:\/\/petkolajen.com\/index.php?rest_route=%2Fwp%2Fv2%2Fmedia&parent=4699"}],"curies":[{"name":"wp","href":"https:\/\/api.w.org\/{rel}","templated":true}]}}